{"id":51,"date":"2020-07-01T14:50:20","date_gmt":"2020-07-01T12:50:20","guid":{"rendered":"https:\/\/qyqxw.beeweb.se\/?page_id=51"},"modified":"2021-02-15T11:59:57","modified_gmt":"2021-02-15T09:59:57","slug":"om","status":"publish","type":"page","link":"https:\/\/hermanssongrav.se\/?page_id=51","title":{"rendered":"Om"},"content":{"rendered":"\n<p><strong>Personal<\/strong><br>Vi har f\u00f6r n\u00e4rvarande 32 personer i v\u00e5r anst\u00e4llning. Maskinister, tekniker, chauff\u00f6rer och administrativ personal. <\/p>\n\n\n\n<p><strong>Kvalitet och milj\u00f6<\/strong><br>V\u00e5ra uppdrag skall k\u00e4nnetecknas av n\u00f6jda kunder och medarbetare. Det inneb\u00e4r att de tj\u00e4nster vi tillhandah\u00e5ller ska motsvara kunders, mark\u00e4gare, myndigheter och v\u00e5ra egna krav och f\u00f6rv\u00e4ntningar. Vi arbetar efter en entrepren\u00f6rs gyllene regel; \u201dUtf\u00f6r arbetet som du sj\u00e4lv skulle vilja ha det gjort\u201d.&nbsp;<br><br>Hermansson Gr\u00e4v AB arbetar kontinuerligt f\u00f6r att minska v\u00e5r milj\u00f6p\u00e5verkan, med fokus p\u00e5 utsl\u00e4pp av CO2 fr\u00e5n fordon samt f\u00f6rbrukning av drivmedel. V\u00e5r milj\u00f6 skall f\u00f6rb\u00e4ttras genom v\u00e5rt val av milj\u00f6v\u00e4nligare arbetsfordon, drivmedel och rationaliseringar i m\u00f6jligaste m\u00e5n av resor samt hitta boenden s\u00e5 n\u00e4ra arbetsplatsen som m\u00f6jligt.&nbsp;<\/p>\n\n\n\n<ul><li><strong><strong>S\u00e4kerhet<\/strong><\/strong><\/li><li>EBR. Alla maskinister har s k EBR-bevis<\/li><li>ESA 14. Samtliga&nbsp;medarbetare har genomg\u00e5tt ESA 14.<\/li><li>BB3. \u201dElkillarna\u201d har&nbsp;g\u00e5tt tv\u00e5dagarskurs f\u00f6r BB3 Beh\u00f6righet.<\/li><li>S\u00e4kra lyft och mobil arbetsplattform. Samtliga kranf\u00f6rare har genomg\u00e5tt kurs&nbsp;i s\u00e4kra lyft och alla som arbetar fr\u00e5n mobil arbetsplattform har relevant utbildning.<\/li><li>ADR. Vi har \u00e4ven genomg\u00e5tt kursen f\u00f6r ADR-bevis (farligt gods). <\/li><li>Arbete p\u00e5 V\u00e4g.<\/li><li>Utm\u00e4rkningsansvarig<\/li><li>F\u00f6r att ytterligare h\u00f6ja s\u00e4kerheten arbetar vi med rutiner, personligt skydd, avvikelsehantering etc.<\/li><\/ul>\n\n\n\n<figure class=\"wp-block-image size-large\"><img loading=\"lazy\" width=\"1024\" height=\"712\" src=\"https:\/\/www.hermanssongrav.se\/wp-content\/uploads\/2020\/07\/Bilder-2-2009-185-1-scaled-e1612267331676-1024x712.jpg\" alt=\"\" class=\"wp-image-42\" srcset=\"https:\/\/hermanssongrav.se\/wp-content\/uploads\/2020\/07\/Bilder-2-2009-185-1-scaled-e1612267331676-1024x712.jpg 1024w, https:\/\/hermanssongrav.se\/wp-content\/uploads\/2020\/07\/Bilder-2-2009-185-1-scaled-e1612267331676-300x209.jpg 300w, https:\/\/hermanssongrav.se\/wp-content\/uploads\/2020\/07\/Bilder-2-2009-185-1-scaled-e1612267331676-768x534.jpg 768w, https:\/\/hermanssongrav.se\/wp-content\/uploads\/2020\/07\/Bilder-2-2009-185-1-scaled-e1612267331676-1536x1068.jpg 1536w, https:\/\/hermanssongrav.se\/wp-content\/uploads\/2020\/07\/Bilder-2-2009-185-1-scaled-e1612267331676-2048x1423.jpg 2048w\" sizes=\"(max-width: 1024px) 100vw, 1024px\" \/><\/figure>\n\n\n\n<p><strong>Historik<\/strong><br>F\u00f6retaget startades 1965 av br\u00f6derna B\u00f6rje och Bengt Hermansson, som d\u00e5 k\u00f6rde skogsmaskiner om vintern och gr\u00e4vmaskiner p\u00e5 sommarhalv\u00e5ret. I b\u00f6rjan av 70-talet anst\u00e4lldes en person och man skaffade fler maskiner. Under hela \u201370, -80 och 90-talen jobbade f\u00f6retaget uteslutande med elkraftbolag och d\u00e5varande Televerket som kunder. 1989 ombildades f\u00f6retaget till aktiebolag och drevs mellan 1994 till 2016 av B\u00f6rje Hermansson tillsammans med sonen Per. <br>Per Hermansson tog \u00f6ver driften i april 2016 och \u00e4ger sedan dess bolaget i sin helhet.<\/p>\n\n\n\n<p><\/p>\n\n\n\n<p><\/p>\n","protected":false},"excerpt":{"rendered":"<p>PersonalVi har f\u00f6r n\u00e4rvarande 32 personer i v\u00e5r anst\u00e4llning. Maskinister, tekniker, chauff\u00f6rer och administrativ personal. Kvalitet och milj\u00f6V\u00e5ra uppdrag skall k\u00e4nnetecknas av n\u00f6jda kunder och medarbetare. Det inneb\u00e4r att de tj\u00e4nster vi tillhandah\u00e5ller ska motsvara kunders, mark\u00e4gare, myndigheter och v\u00e5ra egna krav och f\u00f6rv\u00e4ntningar. Vi arbetar efter en entrepren\u00f6rs gyllene&hellip;<\/p>\n","protected":false},"author":2,"featured_media":0,"parent":0,"menu_order":5,"comment_status":"closed","ping_status":"closed","template":"","meta":[],"_links":{"self":[{"href":"https:\/\/hermanssongrav.se\/index.php?rest_route=\/wp\/v2\/pages\/51"}],"collection":[{"href":"https:\/\/hermanssongrav.se\/index.php?rest_route=\/wp\/v2\/pages"}],"about":[{"href":"https:\/\/hermanssongrav.se\/index.php?rest_route=\/wp\/v2\/types\/page"}],"author":[{"embeddable":true,"href":"https:\/\/hermanssongrav.se\/index.php?rest_route=\/wp\/v2\/users\/2"}],"replies":[{"embeddable":true,"href":"https:\/\/hermanssongrav.se\/index.php?rest_route=%2Fwp%2Fv2%2Fcomments&post=51"}],"version-history":[{"count":10,"href":"https:\/\/hermanssongrav.se\/index.php?rest_route=\/wp\/v2\/pages\/51\/revisions"}],"predecessor-version":[{"id":460,"href":"https:\/\/hermanssongrav.se\/index.php?rest_route=\/wp\/v2\/pages\/51\/revisions\/460"}],"wp:attachment":[{"href":"https:\/\/hermanssongrav.se\/index.php?rest_route=%2Fwp%2Fv2%2Fmedia&parent=51"}],"curies":[{"name":"wp","href":"https:\/\/api.w.org\/{rel}","templated":true}]}}