{"id":299,"date":"2021-02-02T15:44:10","date_gmt":"2021-02-02T13:44:10","guid":{"rendered":"https:\/\/qyqxw.beeweb.se\/?page_id=299"},"modified":"2022-04-05T14:53:13","modified_gmt":"2022-04-05T12:53:13","slug":"kontakta-oss","status":"publish","type":"page","link":"https:\/\/hermanssongrav.se\/","title":{"rendered":"Start"},"content":{"rendered":"\n<h2>V\u00e4lkommen till Hermansson Gr\u00e4v AB<\/h2>\n\n\n\n<p class=\"has-medium-font-size\">-Rikst\u00e4ckande linjebyggnad, schakt, kabelpl\u00f6jning och transport.<\/p>\n\n\n\n<div class=\"wp-block-group\"><div class=\"wp-block-group__inner-container\">\n<figure class=\"wp-block-image size-full is-resized\"><img loading=\"lazy\" src=\"https:\/\/hermanssongrav.se\/wp-content\/uploads\/2020\/06\/cropped-f-scaled-e1594029577302.jpg\" alt=\"\" class=\"wp-image-691\" width=\"1000\" height=\"249\" srcset=\"https:\/\/hermanssongrav.se\/wp-content\/uploads\/2020\/06\/cropped-f-scaled-e1594029577302.jpg 1000w, https:\/\/hermanssongrav.se\/wp-content\/uploads\/2020\/06\/cropped-f-scaled-e1594029577302-300x75.jpg 300w, https:\/\/hermanssongrav.se\/wp-content\/uploads\/2020\/06\/cropped-f-scaled-e1594029577302-768x191.jpg 768w\" sizes=\"(max-width: 1000px) 100vw, 1000px\" \/><\/figure>\n<\/div><\/div>\n\n\n\n<p class=\"has-normal-font-size\">Vi har funnits i entreprenadbranschen sedan 1965 och har byggt upp en gedigen kunskap och erfarenhet sedan dess. <br><br>F\u00f6r n\u00e4rvarande \u00e4r vi 30 medarbetare i f\u00f6retaget och vi jobbar dagligen f\u00f6r att leva upp till v\u00e5rt m\u00e5tto &#8221;V\u00e5ra uppdrag skall k\u00e4nnetecknas av n\u00f6jda kunder och medarbetare&#8221;<br><\/p>\n","protected":false},"excerpt":{"rendered":"<p>V\u00e4lkommen till Hermansson Gr\u00e4v AB -Rikst\u00e4ckande linjebyggnad, schakt, kabelpl\u00f6jning och transport. Vi har funnits i entreprenadbranschen sedan 1965 och har byggt upp en gedigen kunskap och erfarenhet sedan dess. F\u00f6r n\u00e4rvarande \u00e4r vi 30 medarbetare i f\u00f6retaget och vi jobbar dagligen f\u00f6r att leva upp till v\u00e5rt m\u00e5tto &#8221;V\u00e5ra uppdrag&hellip;<\/p>\n","protected":false},"author":2,"featured_media":0,"parent":0,"menu_order":0,"comment_status":"closed","ping_status":"closed","template":"","meta":[],"_links":{"self":[{"href":"https:\/\/hermanssongrav.se\/index.php?rest_route=\/wp\/v2\/pages\/299"}],"collection":[{"href":"https:\/\/hermanssongrav.se\/index.php?rest_route=\/wp\/v2\/pages"}],"about":[{"href":"https:\/\/hermanssongrav.se\/index.php?rest_route=\/wp\/v2\/types\/page"}],"author":[{"embeddable":true,"href":"https:\/\/hermanssongrav.se\/index.php?rest_route=\/wp\/v2\/users\/2"}],"replies":[{"embeddable":true,"href":"https:\/\/hermanssongrav.se\/index.php?rest_route=%2Fwp%2Fv2%2Fcomments&post=299"}],"version-history":[{"count":75,"href":"https:\/\/hermanssongrav.se\/index.php?rest_route=\/wp\/v2\/pages\/299\/revisions"}],"predecessor-version":[{"id":761,"href":"https:\/\/hermanssongrav.se\/index.php?rest_route=\/wp\/v2\/pages\/299\/revisions\/761"}],"wp:attachment":[{"href":"https:\/\/hermanssongrav.se\/index.php?rest_route=%2Fwp%2Fv2%2Fmedia&parent=299"}],"curies":[{"name":"wp","href":"https:\/\/api.w.org\/{rel}","templated":true}]}}